{"id":38,"date":"2019-09-30T10:06:11","date_gmt":"2019-09-30T10:06:11","guid":{"rendered":"http:\/\/faybrown.de2en.de\/?page_id=38"},"modified":"2019-10-01T06:48:40","modified_gmt":"2019-10-01T06:48:40","slug":"fachuebersetzungen","status":"publish","type":"page","link":"https:\/\/faybrown.de\/?page_id=38","title":{"rendered":"Fach\u00fcbersetzungen"},"content":{"rendered":"\n<p>Fach\u00fcbersetzungen erforderen ein umfassendes Verst\u00e4ndnis des Textinhalts, daher ist Fachkompetenz das A und O. Bei Fay Brown Translations garantiere ich die notwendige Expertise durch Aus- und Weiterbildung, Branchenkenntnissen sowie langj\u00e4hrige Erfahrung in der \u00dcbersetzung von Fachtexten. <br><br>Fay Brown Translations bietet professionelle \u00dcbersetzungen <br>in den folgenden Fachgebieten:<\/p>\n\n\n\n<p><em>Juristische Fach\u00fcbersetzungen<\/em><\/p>\n\n\n\n<ul><li>Allgemeine Gesch\u00e4ftsbedingungen<\/li><li>Datenschutzrichtlinien<\/li><li>Gerichtsurteile und Urteilsbegr\u00fcndungen<\/li><li>Notarielle Vertr\u00e4ge<\/li><\/ul>\n\n\n\n<p><em>Technische Fach\u00fcbersetzungen<\/em><\/p>\n\n\n\n<ul><li>Bedienungsanleitungen, Betriebsanleitungen<\/li><li>Handb\u00fccher, Manuals<\/li><li>Produktbeschreibungen<\/li><li>Technische Dokumentationen<\/li><\/ul>\n\n\n\n<p><em>Marketing\u00fcbersetzungen<\/em><\/p>\n\n\n\n<ul><li>Newsletter, Mailings<\/li><li>Flyer, Brosch\u00fcren<\/li><li>Pressetexte, Pressemitteilungen <\/li><li>Webseiten<\/li><\/ul>\n\n\n\n<p><em>Gesch\u00e4ftliche Fach\u00fcbersetzungen<\/em><\/p>\n\n\n\n<ul><li>Businesspl\u00e4ne<\/li><li>Gesch\u00e4ftsberichte<\/li><li>Gesellschaftsvertr\u00e4ge <\/li><li>Handelsregisterausz\u00fcge<\/li><\/ul>\n\n\n\n<p><em>Urkunden\u00fcbersetzungen<\/em><\/p>\n\n\n\n<ul><li>Abiturzeugnisse<\/li><li>Bachelor- und Masterzeugnisse<\/li><li>Geburts- und Heiratsurkunden<\/li><li>Scheidungsurteile<\/li><li>\u00c4rztliche Atteste<\/li><\/ul>\n\n\n\n<p>Gerne unterbreite ich Ihnen ein unverbindliches Angebot! Oder haben Sie noch Fragen rund um den Bereich Fach\u00fcbersetzungen? Sie erreichen mich direkt unter <a href=\"mailto:fay.brown@browntranslations.de\">fay.brown@browntranslations.de<\/a> <\/p>\n","protected":false},"excerpt":{"rendered":"<p>Fach\u00fcbersetzungen erforderen ein umfassendes Verst\u00e4ndnis des Textinhalts, daher ist Fachkompetenz das A und O. Bei Fay Brown Translations garantiere ich die notwendige Expertise durch Aus- und Weiterbildung, Branchenkenntnissen sowie langj\u00e4hrige Erfahrung in der \u00dcbersetzung von Fachtexten. Fay Brown Translations bietet professionelle \u00dcbersetzungen in den folgenden Fachgebieten: Juristische Fach\u00fcbersetzungen Allgemeine Gesch\u00e4ftsbedingungen Datenschutzrichtlinien Gerichtsurteile und Urteilsbegr\u00fcndungen Notarielle &hellip; <\/p>\n<p class=\"link-more\"><a href=\"https:\/\/faybrown.de\/?page_id=38\" class=\"more-link\"><span class=\"screen-reader-text\">\u201eFach\u00fcbersetzungen\u201c<\/span> weiterlesen<\/a><\/p>\n","protected":false},"author":1,"featured_media":0,"parent":0,"menu_order":0,"comment_status":"closed","ping_status":"closed","template":"","meta":[],"_links":{"self":[{"href":"https:\/\/faybrown.de\/index.php?rest_route=\/wp\/v2\/pages\/38"}],"collection":[{"href":"https:\/\/faybrown.de\/index.php?rest_route=\/wp\/v2\/pages"}],"about":[{"href":"https:\/\/faybrown.de\/index.php?rest_route=\/wp\/v2\/types\/page"}],"author":[{"embeddable":true,"href":"https:\/\/faybrown.de\/index.php?rest_route=\/wp\/v2\/users\/1"}],"replies":[{"embeddable":true,"href":"https:\/\/faybrown.de\/index.php?rest_route=%2Fwp%2Fv2%2Fcomments&post=38"}],"version-history":[{"count":12,"href":"https:\/\/faybrown.de\/index.php?rest_route=\/wp\/v2\/pages\/38\/revisions"}],"predecessor-version":[{"id":132,"href":"https:\/\/faybrown.de\/index.php?rest_route=\/wp\/v2\/pages\/38\/revisions\/132"}],"wp:attachment":[{"href":"https:\/\/faybrown.de\/index.php?rest_route=%2Fwp%2Fv2%2Fmedia&parent=38"}],"curies":[{"name":"wp","href":"https:\/\/api.w.org\/{rel}","templated":true}]}}