{"id":6,"date":"2019-09-29T16:18:01","date_gmt":"2019-09-29T16:18:01","guid":{"rendered":"http:\/\/faybrown.de2en.de\/?page_id=6"},"modified":"2023-02-23T18:07:24","modified_gmt":"2023-02-23T17:07:24","slug":"start-seite","status":"publish","type":"page","link":"https:\/\/faybrown.de\/","title":{"rendered":"Home"},"content":{"rendered":"\n<p><strong>Was macht Fay Brown Translations so erfolgreich?<\/strong><\/p>\n\n\n\n<p class=\"has-text-align-left\">Fay Brown Translations ist ein kleines aber feines \u00dcbersetzungsb\u00fcro spezialisiert auf <em>beglaubigte \u00dcbersetzungen <\/em>und <em>Fach\u00fcbersetzungen<\/em> in den Sprachrichtungen\u00a0<em>Deutsch -> Englisch<\/em> und\u00a0<em>Englisch -> Deutsch<\/em>. <\/p>\n\n\n\n<p>Als staatlich gepr\u00fcfte und beeidigte \u00dcbersetzerin garantiere ich hohe muttersprachliche Kompetenz gepaart mit langj\u00e4hriger Erfahrung in den angebotenen Fachgebieten und sorgf\u00e4ltigem Terminologiemanagement.  <\/p>\n\n\n\n<p> Um meinen Kunden hochqualitative und professionelle \u00dcbersetzungen zu bieten, konzentriere ich mich bewusst auf ein sorgf\u00e4ltig ausgew\u00e4hltes Leistungsportfolio. <\/p>\n\n\n\n<p>Gerne unterbreite ich Ihnen ein unverbindliches Angebot! Oder haben Sie noch Fragen rund um den Bereich \u00dcbersetzungen? Sie erreichen mich direkt unter <a href=\"mailto:Fay.Brown@BrownTranslations.de\">Fay.Brown@BrownTranslations.de<\/a>  <\/p>\n","protected":false},"excerpt":{"rendered":"<p>Was macht Fay Brown Translations so erfolgreich? Fay Brown Translations ist ein kleines aber feines \u00dcbersetzungsb\u00fcro spezialisiert auf beglaubigte \u00dcbersetzungen und Fach\u00fcbersetzungen in den Sprachrichtungen\u00a0Deutsch -> Englisch und\u00a0Englisch -> Deutsch. Als staatlich gepr\u00fcfte und beeidigte \u00dcbersetzerin garantiere ich hohe muttersprachliche Kompetenz gepaart mit langj\u00e4hriger Erfahrung in den angebotenen Fachgebieten und sorgf\u00e4ltigem Terminologiemanagement. Um meinen Kunden &hellip; <\/p>\n<p class=\"link-more\"><a href=\"https:\/\/faybrown.de\/\" class=\"more-link\"><span class=\"screen-reader-text\">\u201eHome\u201c<\/span> weiterlesen<\/a><\/p>\n","protected":false},"author":1,"featured_media":0,"parent":0,"menu_order":0,"comment_status":"closed","ping_status":"closed","template":"","meta":[],"_links":{"self":[{"href":"https:\/\/faybrown.de\/index.php?rest_route=\/wp\/v2\/pages\/6"}],"collection":[{"href":"https:\/\/faybrown.de\/index.php?rest_route=\/wp\/v2\/pages"}],"about":[{"href":"https:\/\/faybrown.de\/index.php?rest_route=\/wp\/v2\/types\/page"}],"author":[{"embeddable":true,"href":"https:\/\/faybrown.de\/index.php?rest_route=\/wp\/v2\/users\/1"}],"replies":[{"embeddable":true,"href":"https:\/\/faybrown.de\/index.php?rest_route=%2Fwp%2Fv2%2Fcomments&post=6"}],"version-history":[{"count":13,"href":"https:\/\/faybrown.de\/index.php?rest_route=\/wp\/v2\/pages\/6\/revisions"}],"predecessor-version":[{"id":224,"href":"https:\/\/faybrown.de\/index.php?rest_route=\/wp\/v2\/pages\/6\/revisions\/224"}],"wp:attachment":[{"href":"https:\/\/faybrown.de\/index.php?rest_route=%2Fwp%2Fv2%2Fmedia&parent=6"}],"curies":[{"name":"wp","href":"https:\/\/api.w.org\/{rel}","templated":true}]}}